{"id":2170,"date":"2012-12-30T12:09:16","date_gmt":"2012-12-30T11:09:16","guid":{"rendered":"http:\/\/500er-fiat.de\/?page_id=2170"},"modified":"2019-06-06T21:20:12","modified_gmt":"2019-06-06T19:20:12","slug":"infos","status":"publish","type":"page","link":"https:\/\/www.500er-fiat.de\/?page_id=2170","title":{"rendered":"Infos"},"content":{"rendered":"<h2>Workshops \/ Ein- und Umbauanleitungen<\/h2>\n<ol>\n<li><a href=\"http:\/\/500er-fiat.de\/Downloads\/Achswellenmanschette.pdf\" target=\"_blank\" rel=\"noopener noreferrer\">Wechsel der Achswellenmanschetten (.pdf, 164 kB)<\/a><\/li>\n<\/ol>\n<p>Achtung: F\u00fcr die Richtigkeit der Anleitungen wird keine Gew\u00e4hr \u00fcbernommen. Sie dienen lediglich als Hilfe.<\/p>\n<p>&nbsp;<\/p>\n<h2><strong>Infos:<\/strong><\/h2>\n<ol>\n<li><a href=\"http:\/\/www.oldtimer-markt.de\/#13147530\" target=\"_blank\" rel=\"noopener noreferrer\">\u00dcbersicht Oldtimer Versicherungen (externer Link)<\/a><\/li>\n<li><a href=\"http:\/\/500er-fiat.de\/Downloads\/Fiat%20500%20Marktpreise.xls\">Marktpreisentwicklung 1989 bis 2016 (.xls, 142 kB)<\/a><\/li>\n<\/ol>\n","protected":false},"excerpt":{"rendered":"<p>Workshops \/ Ein- und Umbauanleitungen Wechsel der Achswellenmanschetten (.pdf, 164 kB) Achtung: F\u00fcr die Richtigkeit der Anleitungen wird keine Gew\u00e4hr \u00fcbernommen. Sie dienen lediglich als Hilfe. &nbsp; Infos: \u00dcbersicht Oldtimer Versicherungen (externer Link) Marktpreisentwicklung 1989 bis 2016 (.xls, 142 kB)<\/p>\n","protected":false},"author":2,"featured_media":0,"parent":137,"menu_order":5,"comment_status":"closed","ping_status":"closed","template":"page-templates\/template-portfolio.php","meta":{"footnotes":""},"_links":{"self":[{"href":"https:\/\/www.500er-fiat.de\/index.php?rest_route=\/wp\/v2\/pages\/2170"}],"collection":[{"href":"https:\/\/www.500er-fiat.de\/index.php?rest_route=\/wp\/v2\/pages"}],"about":[{"href":"https:\/\/www.500er-fiat.de\/index.php?rest_route=\/wp\/v2\/types\/page"}],"author":[{"embeddable":true,"href":"https:\/\/www.500er-fiat.de\/index.php?rest_route=\/wp\/v2\/users\/2"}],"replies":[{"embeddable":true,"href":"https:\/\/www.500er-fiat.de\/index.php?rest_route=%2Fwp%2Fv2%2Fcomments&post=2170"}],"version-history":[{"count":1,"href":"https:\/\/www.500er-fiat.de\/index.php?rest_route=\/wp\/v2\/pages\/2170\/revisions"}],"predecessor-version":[{"id":3664,"href":"https:\/\/www.500er-fiat.de\/index.php?rest_route=\/wp\/v2\/pages\/2170\/revisions\/3664"}],"up":[{"embeddable":true,"href":"https:\/\/www.500er-fiat.de\/index.php?rest_route=\/wp\/v2\/pages\/137"}],"wp:attachment":[{"href":"https:\/\/www.500er-fiat.de\/index.php?rest_route=%2Fwp%2Fv2%2Fmedia&parent=2170"}],"curies":[{"name":"wp","href":"https:\/\/api.w.org\/{rel}","templated":true}]}}