{"id":2168,"date":"2012-12-30T12:08:47","date_gmt":"2012-12-30T11:08:47","guid":{"rendered":"http:\/\/500er-fiat.de\/?page_id=2168"},"modified":"2022-11-28T19:21:12","modified_gmt":"2022-11-28T18:21:12","slug":"eintragungen","status":"publish","type":"page","link":"https:\/\/www.500er-fiat.de\/?page_id=2168","title":{"rendered":"Eintragungen"},"content":{"rendered":"<h2><strong>Eintragungen<\/strong><\/h2>\n<ol>\n<li><a href=\"http:\/\/500er-fiat.de\/Downloads\/freigabe650ccm.jpg\" target=\"_blank\" rel=\"noopener noreferrer\">Freigabe f\u00fcr 650ccm Eckkopfmotor (.jpg, 302 kB)<\/a><\/li>\n<li><a href=\"http:\/\/500er-fiat.de\/Downloads\/Freigabe600ccm.pdf\" target=\"_blank\" rel=\"noopener noreferrer\">Freigabe f\u00fcr 600ccm Motor f\u00fcr Einbau in Fiat 500 F\/L (.pdf, 292 kB)<\/a><\/li>\n<li><a href=\"http:\/\/500er-fiat.de\/Downloads\/gutachten_rundkopfmotor.JPG\" target=\"_blank\" rel=\"noopener noreferrer\">Gutachten (Kopie) zur Eintragung eines 650ccm Rundkopfmotors (.jpg, 89,6 kB)<\/a><\/li>\n<li><a href=\"http:\/\/500er-fiat.de\/Downloads\/650_CMR.jpg\" target=\"_blank\" rel=\"noopener noreferrer\">650ccm Motor &#8211; pauschal, ohne Eintragung einer Motorennummer: Kopie eines KFZ-Scheines (.jpg, 1,5 MB)<\/a><\/li>\n<li><a href=\"http:\/\/500er-fiat.de\/Downloads\/Fischer%20Sportauspuff.pdf\" target=\"_blank\" rel=\"noopener noreferrer\">Fischer-Sportauspuff: Gutachten (.pdf, 1,22 MB)<\/a><\/li>\n<li><a href=\"http:\/\/500er-fiat.de\/Downloads\/KFZ-Schein_500R.pdf\" target=\"_blank\" rel=\"noopener noreferrer\">Alquati-Sportauspuff: Kopie eines KFZ-Scheines (.pdf, 547kB)<\/a><\/li>\n<li><a href=\"http:\/\/500er-fiat.de\/Downloads\/59er%20N.gif\" target=\"_blank\" rel=\"noopener noreferrer\">Ansa-Auspuffanlage: Kopie eines KFZ-Briefes (.gif, 1,01 MB)<\/a><\/li>\n<li><a href=\"http:\/\/500er-fiat.de\/Downloads\/ABE_AbarthAuspuff.pdf\" target=\"_blank\" rel=\"noopener noreferrer\">Abarth-Auspuffanlage: ABE (.pdf, 848 kB)<\/a><\/li>\n<li><a href=\"http:\/\/500er-fiat.de\/Downloads\/abarth%20abe.pdf\" target=\"_blank\" rel=\"noopener noreferrer\">Abarth- Auspuffanlage: ABE (.pdf, 609 kB)<\/a><\/li>\n<li><a href=\"http:\/\/500er-fiat.de\/Downloads\/59er%20N.gif\" target=\"_blank\" rel=\"noopener noreferrer\">Diebstahlsicherung als loses Zubeh\u00f6r: Kopie eines KFZ-Briefes (.gif, 1,01 MB)<\/a><\/li>\n<li><a href=\"http:\/\/500er-fiat.de\/Downloads\/135_tieferlegung.jpg\" target=\"_blank\" rel=\"noopener noreferrer\">Reifengr\u00f6\u00dfe 135R12 auf originalen Felgen: Kopie eines KFZ-Scheines (.jpg, 556 kB)<\/a><\/li>\n<li><a href=\"http:\/\/500er-fiat.de\/Downloads\/5ooerReifen1354JFelgen.pdf\" target=\"_blank\" rel=\"noopener noreferrer\">Reifeng\u00f6\u00dfe 135\/80R12 auf 4J Felgen mit H-Zulassung: Kopie eines KFZ-Scheins (.pdf, 4,09 MB)<\/a><\/li>\n<li><a href=\"http:\/\/500er-fiat.de\/Downloads\/650_CMR.jpg\" target=\"_blank\" rel=\"noopener noreferrer\">Reifengr\u00f6\u00dfe 145\/70SR12 auf CMR-Stahlfelge: Kopie eines KFZ-Scheines (.jpg, 1,5 MB)<\/a><\/li>\n<li><a href=\"http:\/\/500er-fiat.de\/Downloads\/135_tieferlegung.jpg\" target=\"_blank\" rel=\"noopener noreferrer\">Tieferlegungssatz O&amp;S Blattfeder und O&amp;S Hinterachsschraubenfeder: Kopie eines KFZ-Scheines (.jpg, 556 kB)<\/a><\/li>\n<li><a href=\"http:\/\/500er-fiat.de\/Downloads\/Katgutachten.gif\" target=\"_blank\" rel=\"noopener noreferrer\">Eintragung G-KAT Matrix-001: Gutachten (.gif, 510 kB)<\/a><\/li>\n<li><a href=\"http:\/\/500er-fiat.de\/Downloads\/standlicht.jpg\" target=\"_blank\" rel=\"noopener noreferrer\">Standlicht in Blinkern (italienischer Standard): Kopie eines KFZ-Scheines (.jpg, 1,01 MB)<\/a><\/li>\n<li><a href=\"http:\/\/500er-fiat.de\/Downloads\/Logotech.pdf\" target=\"_blank\" rel=\"noopener noreferrer\">Logotech Felgen: Kopie des T\u00dcV-Pr\u00fcfberichtes (.pdf, 308 kB)<\/a><\/li>\n<li><a href=\"http:\/\/500er-fiat.de\/Downloads\/Fiat_500_Allgemeine_Betriebserlaubnis.pdf\" target=\"_blank\" rel=\"noopener noreferrer\">Gutachten zur Erteilung einer allgemeinen Betriebserlaubnis (.pdf, 3,4 MB)<\/a><\/li>\n<li><a href=\"https:\/\/www.500er-fiat.de\/wp-content\/uploads\/2022\/11\/Pruefbericht-Schalldaempfer-500-126-System-Alquati-Gerstl.pdf\">Pr\u00fcfbericht f\u00fcr einen Edelstahl-Nachschalld\u00e4mpfer &#8222;System Alquati&#8220; (.pdf, 5,75 MB)<\/a><\/li>\n<\/ol>\n<h2><strong>Fahrzeugbriefe \/ Fahrzeugscheine<\/strong><\/h2>\n<ol>\n<li><a href=\"http:\/\/500er-fiat.de\/Downloads\/58er%20N.gif\" target=\"_blank\" rel=\"noopener noreferrer\">Fiat 500 N (KFZ-Brief), Erstzulassung 1958 (.gif, 525 kB)<\/a><\/li>\n<li><a href=\"http:\/\/500er-fiat.de\/Downloads\/59er%20N.gif\" target=\"_blank\" rel=\"noopener noreferrer\">Fiat 500 N (KFZ-Brief), Erstzulassung 1959, (.gif, 1,01 MB)<\/a><\/li>\n<li><a href=\"http:\/\/500er-fiat.de\/Downloads\/500D%20Brief.pdf\" target=\"_blank\" rel=\"noopener noreferrer\">Fiat 500 D (alter KFZ-Brief), Erstzulassung 1962 (.pdf, 500kB)<\/a><\/li>\n<li><a href=\"http:\/\/500er-fiat.de\/Downloads\/500D-Zulassungsbescheinigung.jpg\" target=\"_blank\" rel=\"noopener noreferrer\">Fiat 500 D (Zulassungsbescheinigung, Teil 1), Erstzulassung 1965 (.jpg, 91 kB)<\/a><\/li>\n<li><a href=\"http:\/\/500er-fiat.de\/Downloads\/Fahrzeugbrief%20Giardiniera.pdf\" target=\"_blank\" rel=\"noopener noreferrer\">Fiat 500 Giardiniera (KFZ-Brief), Erstzulassung 1968 (.pdf, 111 kB)<\/a><\/li>\n<li><a href=\"http:\/\/500er-fiat.de\/Downloads\/Fahrzeugbrief%20Fiat%20500%20L%201969.pdf\" target=\"_blank\" rel=\"noopener noreferrer\">Fiat 500 L (KFZ-Brief, auch f\u00fcr Fiat 500 F), Erstzulassung 1969 (.pdf, 70,8 kB)<\/a><\/li>\n<li><a href=\"http:\/\/500er-fiat.de\/Downloads\/KFZ-Schein_500R.pdf\" target=\"_blank\" rel=\"noopener noreferrer\">Fiat 500 R (KFZ-Schein), Erstzulassung 1974 (.pdf, 547kB)<\/a><\/li>\n<li><a href=\"http:\/\/500er-fiat.de\/Downloads\/500R_Brief.pdf\" target=\"_blank\" rel=\"noopener noreferrer\">Fiat 500 R (KFZ-Brief), Erstzulassung 1974 (.pdf, 2,72 MB)<\/a><\/li>\n<\/ol>\n","protected":false},"excerpt":{"rendered":"<p>Eintragungen Freigabe f\u00fcr 650ccm Eckkopfmotor (.jpg, 302 kB) Freigabe f\u00fcr 600ccm Motor f\u00fcr Einbau in Fiat 500 F\/L (.pdf, 292 kB) Gutachten (Kopie) zur Eintragung eines 650ccm Rundkopfmotors (.jpg, 89,6 kB) 650ccm Motor &#8211; pauschal, ohne Eintragung einer Motorennummer: Kopie<\/p>\n","protected":false},"author":2,"featured_media":3729,"parent":137,"menu_order":4,"comment_status":"closed","ping_status":"closed","template":"page-templates\/template-portfolio.php","meta":{"footnotes":""},"_links":{"self":[{"href":"https:\/\/www.500er-fiat.de\/index.php?rest_route=\/wp\/v2\/pages\/2168"}],"collection":[{"href":"https:\/\/www.500er-fiat.de\/index.php?rest_route=\/wp\/v2\/pages"}],"about":[{"href":"https:\/\/www.500er-fiat.de\/index.php?rest_route=\/wp\/v2\/types\/page"}],"author":[{"embeddable":true,"href":"https:\/\/www.500er-fiat.de\/index.php?rest_route=\/wp\/v2\/users\/2"}],"replies":[{"embeddable":true,"href":"https:\/\/www.500er-fiat.de\/index.php?rest_route=%2Fwp%2Fv2%2Fcomments&post=2168"}],"version-history":[{"count":2,"href":"https:\/\/www.500er-fiat.de\/index.php?rest_route=\/wp\/v2\/pages\/2168\/revisions"}],"predecessor-version":[{"id":4019,"href":"https:\/\/www.500er-fiat.de\/index.php?rest_route=\/wp\/v2\/pages\/2168\/revisions\/4019"}],"up":[{"embeddable":true,"href":"https:\/\/www.500er-fiat.de\/index.php?rest_route=\/wp\/v2\/pages\/137"}],"wp:featuredmedia":[{"embeddable":true,"href":"https:\/\/www.500er-fiat.de\/index.php?rest_route=\/wp\/v2\/media\/3729"}],"wp:attachment":[{"href":"https:\/\/www.500er-fiat.de\/index.php?rest_route=%2Fwp%2Fv2%2Fmedia&parent=2168"}],"curies":[{"name":"wp","href":"https:\/\/api.w.org\/{rel}","templated":true}]}}