{"id":2061,"date":"2012-12-27T21:07:44","date_gmt":"2012-12-27T20:07:44","guid":{"rendered":"http:\/\/500er-fiat.de\/?page_id=2061"},"modified":"2024-02-20T19:42:06","modified_gmt":"2024-02-20T18:42:06","slug":"handler","status":"publish","type":"page","link":"https:\/\/www.500er-fiat.de\/?page_id=2061","title":{"rendered":"H\u00e4ndler"},"content":{"rendered":"<h4 style=\"text-align: justify;\"><a href=\"http:\/\/www.fiat500-fischer.de\" target=\"_blank\" rel=\"noopener noreferrer\"><strong>Fiat Fischer<\/strong><\/a><\/h4>\n<p style=\"text-align: justify;\">Eine gro\u00dfe Auswahl und guten Service bietet Fiat Fischer aus Gundelsheim-Tiefenbach. Die Lieferung bestellter Teile erfolgt stets unmittelbar nach Bestellung.<\/p>\n<p style=\"text-align: justify;\">Der Online-Shop erm\u00f6glicht eine unkomplizierte Auswahl der ben\u00f6tigten Ersatzteile. Wer lieber in einem Katalog bl\u00e4ttern m\u00f6chte, kann sich diesen zudem als pdf-Datei herunterladen.<\/p>\n<p style=\"text-align: justify;\">\n<h4 style=\"text-align: justify;\"><a href=\"http:\/\/www.fi500.com\" target=\"_blank\" rel=\"noopener noreferrer\"><strong>G\u00fcnter Markhof<\/strong><\/a><\/h4>\n<p style=\"text-align: justify;\">Die Firma G\u00fcnter Markhof hat ihren Betrieb im Jahr 2023 eingestellt. Wir danken f\u00fcr das jahrelange gute Angebot!<\/p>\n<p style=\"text-align: justify;\">\n<h4 style=\"text-align: justify;\"><a href=\"http:\/\/www.fiat500126.de\" target=\"_blank\" rel=\"noopener noreferrer\"><strong>Axel Gerstl<\/strong><\/a><\/h4>\n<p style=\"text-align: justify;\">Auch bei Axel Gerstl bekommt man Einiges an Teilen f\u00fcr den Fiat 500 geboten. Der Onlineshop bietet nahezu alles, was das 500er-Herz begehrt. Auch einen Katalog kann man sich bestellen.<\/p>\n<p style=\"text-align: justify;\">Der Online-Shop ist gut geraten und \u00fcbersichtlich gestaltet. Aus eigener Erfahrung kann gesagt werden, dass auch Axel Gerstl einen guten Service und kurze Versandzeiten bietet.<\/p>\n<p style=\"text-align: justify;\">\n<h4 style=\"text-align: justify;\"><a href=\"http:\/\/www.holtmann-niedergerke.de\/\" target=\"_blank\" rel=\"noopener noreferrer\"><strong>Holtmann &amp; Niedergerke<\/strong><\/a><\/h4>\n<p style=\"text-align: justify;\">Der Onlineshop von H&amp;N ist grunds\u00e4tzlich \u00fcbersichtlich, weil die Ersatzteile in verschiedene Baugruppen aufgeteilt sind. Allerdings fehlt eine konkrete Suchfunktion zum direkten Auffinden bestimmter Teile.<\/p>\n<p style=\"text-align: justify;\">Auch bei H&amp;N findet man ein reichhaltiges Angebot an Ersatzteilen f\u00fcr die kleine &#8222;Knutschkugel&#8220;<\/p>\n<p style=\"text-align: justify;\">\n<h4 style=\"text-align: justify;\"><a href=\"http:\/\/www.ilmotore.de\/\" target=\"_blank\" rel=\"noopener noreferrer\"><strong>Il Motore<\/strong><\/a><\/h4>\n<p style=\"text-align: justify;\">Il Motore, dahinter verbirgt sich der Motorenspezialist Torsten Hanenkamp aus Rellingen bei Hamburg, bietet in seinem Onlineshop allerlei feine Tuningteile, die so bei (fast) keinem anderen Anbieter zu finden sind. Absolut empfehlenswert f\u00fcr alle, die von der Serie weg wollen!<\/p>\n<p style=\"text-align: justify;\">\n<h4 style=\"text-align: justify;\"><a href=\"http:\/\/www.linearossa.de\/index3.htm\" target=\"_blank\" rel=\"noopener noreferrer\"><strong>Linea Rossa GmbH<\/strong><\/a><\/h4>\n<p style=\"text-align: justify;\">Linea Rossa bietet leider keinen \u00fcbersichtlichen Onlineshop f\u00fcr private Kunden an.<\/p>\n<p style=\"text-align: justify;\">Im Jahr 2007 wurde der Verkauf an Endverbraucher eingestellt, sodass nur noch Gewerbebetriebe die Artikel dort beziehen k\u00f6nnen.<\/p>\n<p style=\"text-align: justify;\">\n<h4 style=\"text-align: justify;\"><a href=\"http:\/\/www.lingotto-parts.com\" target=\"_blank\" rel=\"noopener noreferrer\"><strong>Lingotto Parts<\/strong><\/a><\/h4>\n<p style=\"text-align: justify;\">Lingotto Parts aus Detmold bietet alle wichtigen Teile f\u00fcr den Fiat 500. Wer etwas bestimmtes sucht, der wird beim Shop von Klaus Braun mit Sicherheit f\u00fcndig. Und das zu vern\u00fcnftigen Preisen bei kompetenter Beratung.<\/p>\n<p style=\"text-align: justify;\">\n<h4 style=\"text-align: justify;\"><a href=\"http:\/\/www.prokschi.at\" target=\"_blank\" rel=\"noopener noreferrer\"><strong>Robert Prokschi<\/strong><\/a><\/h4>\n<p style=\"text-align: justify;\">Robert Prokschi bietet zwar auch Ersatzteile f\u00fcr den Fiat 500 an. Sein Spezialgebiet ist jedoch der Steyr Puch 500 (600, 700). Er hat somit alles im Programm, was der Steyr Puch Freund bei den regul\u00e4ren 500er-H\u00e4ndlern nicht findet.<\/p>\n<p style=\"text-align: justify;\">\n<h4 style=\"text-align: justify;\"><strong>Ritz Handels GmbH<\/strong><\/h4>\n<p style=\"text-align: justify;\">Eine sehr gute Auswahl an Fiat 500 Teilen bietet auch die Firma Ritz aus Hohenfelde bei Kiel auf ihrer Website an.<\/p>\n<p style=\"text-align: justify;\">Zwar liegen die Preise teilweise \u00fcber denen der Mitbewerber, doch daf\u00fcr findet man bei Ritz Vieles, was bei anderen vergriffen oder gar nicht erst erh\u00e4ltlich ist.<\/p>\n<p style=\"text-align: justify;\">Au\u00dferdem bekommt man auch hier fachkundige Unterst\u00fctzung bei Schrauberproblemen. Denn &#8222;mit der Erfahrung seit 1980 als Schrauber und H\u00e4ndler&#8220; steht Ihnen Wilfried Ritz gerne zur Verf\u00fcgung.<\/p>\n<p style=\"text-align: justify;\">\n<h4 style=\"text-align: justify;\"><a href=\"http:\/\/www.500tuning-parts.de\" target=\"_blank\" rel=\"noopener noreferrer\"><strong>Fiat 500 Tuning Parts<\/strong><\/a><\/h4>\n<p style=\"text-align: justify;\">Filippo Martorana bietet in seinem Online Shop ausschlie\u00dflich hochwertige Tuning-Parts f\u00fcr alle Fiat 500 Modelle an.<\/p>\n<p style=\"text-align: justify;\">Von der Alu\u00f6lwanne \u00fcber Sportfahrwerke bis zu Nockenwellen und Panda 30 Zylinderk\u00f6pfen bekommt der Tuning-Freund alles, was das Herz begehrt. Getreu dem Motto: Tuning-Parts f\u00fcr Jedermann.<\/p>\n<p style=\"text-align: justify;\">\n<h4 style=\"text-align: justify;\"><a href=\"http:\/\/www.domteil.de\" target=\"_blank\" rel=\"noopener noreferrer\"><strong>Domteil<\/strong><\/a><\/h4>\n<p style=\"text-align: justify;\">Bei Domteil in D\u00fcsseldorf, benannt nach dem Firmeninhaber Heinz Dombek, findet man alle erdenklichen Ersatzteile f\u00fcr den 500er.<\/p>\n","protected":false},"excerpt":{"rendered":"<p>Fiat Fischer Eine gro\u00dfe Auswahl und guten Service bietet Fiat Fischer aus Gundelsheim-Tiefenbach. Die Lieferung bestellter Teile erfolgt stets unmittelbar nach Bestellung. Der Online-Shop erm\u00f6glicht eine unkomplizierte Auswahl der ben\u00f6tigten Ersatzteile. Wer lieber in einem Katalog bl\u00e4ttern m\u00f6chte, kann sich<\/p>\n","protected":false},"author":2,"featured_media":0,"parent":2377,"menu_order":0,"comment_status":"closed","ping_status":"closed","template":"","meta":{"footnotes":""},"_links":{"self":[{"href":"https:\/\/www.500er-fiat.de\/index.php?rest_route=\/wp\/v2\/pages\/2061"}],"collection":[{"href":"https:\/\/www.500er-fiat.de\/index.php?rest_route=\/wp\/v2\/pages"}],"about":[{"href":"https:\/\/www.500er-fiat.de\/index.php?rest_route=\/wp\/v2\/types\/page"}],"author":[{"embeddable":true,"href":"https:\/\/www.500er-fiat.de\/index.php?rest_route=\/wp\/v2\/users\/2"}],"replies":[{"embeddable":true,"href":"https:\/\/www.500er-fiat.de\/index.php?rest_route=%2Fwp%2Fv2%2Fcomments&post=2061"}],"version-history":[{"count":1,"href":"https:\/\/www.500er-fiat.de\/index.php?rest_route=\/wp\/v2\/pages\/2061\/revisions"}],"predecessor-version":[{"id":4029,"href":"https:\/\/www.500er-fiat.de\/index.php?rest_route=\/wp\/v2\/pages\/2061\/revisions\/4029"}],"up":[{"embeddable":true,"href":"https:\/\/www.500er-fiat.de\/index.php?rest_route=\/wp\/v2\/pages\/2377"}],"wp:attachment":[{"href":"https:\/\/www.500er-fiat.de\/index.php?rest_route=%2Fwp%2Fv2%2Fmedia&parent=2061"}],"curies":[{"name":"wp","href":"https:\/\/api.w.org\/{rel}","templated":true}]}}