{"id":136,"date":"2012-12-16T01:41:10","date_gmt":"2012-12-16T00:41:10","guid":{"rendered":"http:\/\/500er-fiat.de\/?page_id=46"},"modified":"2020-04-22T20:16:30","modified_gmt":"2020-04-22T18:16:30","slug":"preise","status":"publish","type":"page","link":"https:\/\/www.500er-fiat.de\/?page_id=136","title":{"rendered":"Preise"},"content":{"rendered":"<h2 style=\"text-align: justify;\">Preisentwicklung<\/h2>\n<p style=\"text-align: justify;\" align=\"justify\">&#8222;Oldtimer sind eine Wertanlage&#8220;, sagt man landl\u00e4ufig. Allerdings kann sich dies ganz schnell relativieren, betrachtet man auch die Kosten f\u00fcr die Werterhaltung, die bei sorgf\u00e4ltiger Vorsorge auch bei einem Fiat 500 schnell am f\u00fcnfstelligen Bereich kratzen k\u00f6nnen. Dennoch ist wohl unumstritten, dass die Preise f\u00fcr Oldtimer steigen, je \u00e4lter sie werden und desto rarer sie auf unseren Stra\u00dfen sind.<\/p>\n<p style=\"text-align: justify;\" align=\"justify\">Dies haben gerade auch die Preisspr\u00fcnge w\u00e4hrend der Euro-Umstellung sowie nach der Pr\u00e4sentation des neuen Fiat 500 gezeigt.<\/p>\n<p><strong>Akt<\/strong><strong>uelle Marktpreise<\/strong><\/p>\n<p style=\"text-align: center;\" align=\"center\">Laut Classic Data (entnommen aus dem Marktspiegel von classic data) sind die aktuellen Marktpreise des Jahres 2020 wie folgt zu beziffern:<\/p>\n<table class=\"aligncenter\" border=\"1\" width=\"95%\">\n<tbody>\n<tr>\n<td width=\"27%\"><strong>Modell<\/strong><\/td>\n<td width=\"14%\">\n<div align=\"center\"><strong>Baujahr<\/strong><\/div>\n<\/td>\n<td width=\"9%\">\n<div align=\"center\"><strong>Note 1<\/strong><\/div>\n<\/td>\n<td width=\"10%\">\n<div align=\"center\"><strong>Note 2<\/strong><\/div>\n<\/td>\n<td width=\"9%\">\n<div align=\"center\"><strong>Note 3<\/strong><\/div>\n<\/td>\n<td width=\"9%\">\n<div align=\"center\"><strong>Note 4<\/strong><\/div>\n<\/td>\n<td width=\"9%\">\n<div align=\"center\"><strong>Note 5<\/strong><\/div>\n<\/td>\n<td width=\"13%\">\n<div align=\"center\"><strong>Neupreis<\/strong><\/div>\n<\/td>\n<\/tr>\n<tr>\n<td>500 N Standard<\/td>\n<td>\n<div align=\"center\">57 &#8211; 57<\/div>\n<\/td>\n<td>\n<div align=\"right\">22.300 \u20ac<\/div>\n<\/td>\n<td>\n<div align=\"right\">15.700 \u20ac<\/div>\n<\/td>\n<td>\n<div align=\"right\">9.600 \u20ac<\/div>\n<\/td>\n<td>\n<div align=\"right\">4.400 \u20ac<\/div>\n<\/td>\n<td>\n<div align=\"right\">1.200 \u20ac<\/div>\n<\/td>\n<td>\n<div align=\"right\">2.770 DM<\/div>\n<\/td>\n<\/tr>\n<tr>\n<td>500 N (kurzes Faltdach)<\/td>\n<td>\n<div align=\"center\">58 &#8211; 60<\/div>\n<\/td>\n<td>\n<div align=\"right\">22.300 \u20ac<\/div>\n<\/td>\n<td>\n<div align=\"right\">15.700 \u20ac<\/div>\n<\/td>\n<td>\n<div align=\"right\">9.600 \u20ac<\/div>\n<\/td>\n<td>\n<div align=\"right\">4.400 \u20ac<\/div>\n<\/td>\n<td>\n<div align=\"right\">1.200 \u20ac<\/div>\n<\/td>\n<td>\n<div align=\"right\">2.990 DM<\/div>\n<\/td>\n<\/tr>\n<tr>\n<td>500 N (langes Faltdach)<\/td>\n<td>\n<div align=\"center\">57 &#8211; 60<\/div>\n<\/td>\n<td>\n<div align=\"right\">22.300 \u20ac<\/div>\n<\/td>\n<td>\n<div align=\"right\">15.700 \u20ac<\/div>\n<\/td>\n<td>\n<div align=\"right\">9.600 \u20ac<\/div>\n<\/td>\n<td>\n<div align=\"right\">4.400 \u20ac<\/div>\n<\/td>\n<td>\n<div align=\"right\">1..200 \u20ac<\/div>\n<\/td>\n<td>\n<div align=\"right\">3.400 DM<\/div>\n<\/td>\n<\/tr>\n<tr>\n<td>500 Sport<\/td>\n<td>\n<div align=\"center\">58 &#8211; 60<\/div>\n<\/td>\n<td>\n<div align=\"right\">24.900 \u20ac<\/div>\n<\/td>\n<td>\n<div align=\"right\">16.500 \u20ac<\/div>\n<\/td>\n<td>\n<div align=\"right\">9.500 \u20ac<\/div>\n<\/td>\n<td>\n<div align=\"right\">4.400 \u20ac<\/div>\n<\/td>\n<td>\n<div align=\"right\">1.200 \u20ac<\/div>\n<\/td>\n<td>\n<div align=\"right\">4.330 DM<\/div>\n<\/td>\n<\/tr>\n<tr>\n<td>500 D<\/td>\n<td>\n<div align=\"center\">60 &#8211; 65<\/div>\n<\/td>\n<td>\n<div align=\"right\">21.100 \u20ac<\/div>\n<\/td>\n<td>\n<div align=\"right\">13.700 \u20ac<\/div>\n<\/td>\n<td>\n<div align=\"right\">8.900 \u20ac<\/div>\n<\/td>\n<td>\n<div align=\"right\">4.000 \u20ac<\/div>\n<\/td>\n<td>\n<div align=\"right\">1.000 \u20ac<\/div>\n<\/td>\n<td>\n<div align=\"right\">3.190 DM<\/div>\n<\/td>\n<\/tr>\n<tr>\n<td>500 Giardiniera<\/td>\n<td>\n<div align=\"center\">60 &#8211; 66<\/div>\n<\/td>\n<td>\n<div align=\"right\">15.800 \u20ac<\/div>\n<\/td>\n<td>\n<div align=\"right\">10.200 \u20ac<\/div>\n<\/td>\n<td>\n<div align=\"right\">6.500 \u20ac<\/div>\n<\/td>\n<td>\n<div align=\"right\">2.000 \u20ac<\/div>\n<\/td>\n<td>\n<div align=\"right\">900 \u20ac<\/div>\n<\/td>\n<td>\n<div align=\"right\">3.850 DM<\/div>\n<\/td>\n<\/tr>\n<tr>\n<td>500 F<\/td>\n<td>\n<div align=\"center\">65 &#8211; 72<\/div>\n<\/td>\n<td>\n<div align=\"right\">13.600 \u20ac<\/div>\n<\/td>\n<td>\n<div align=\"right\">9.300 \u20ac<\/div>\n<\/td>\n<td>\n<div align=\"right\">5.100 \u20ac<\/div>\n<\/td>\n<td>\n<div align=\"right\">1.800 \u20ac<\/div>\n<\/td>\n<td>\n<div align=\"right\">700 \u20ac<\/div>\n<\/td>\n<td>\n<div align=\"right\">3.350 DM<\/div>\n<\/td>\n<\/tr>\n<tr>\n<td>500 L<\/td>\n<td>\n<div align=\"center\">68 &#8211; 72<\/div>\n<\/td>\n<td>\n<div align=\"right\">13.800 \u20ac<\/div>\n<\/td>\n<td>\n<div align=\"right\">9.400 \u20ac<\/div>\n<\/td>\n<td>\n<div align=\"right\">5.200 \u20ac<\/div>\n<\/td>\n<td>\n<div align=\"right\">1.800 \u20ac<\/div>\n<\/td>\n<td>\n<div align=\"right\">700 \u20ac<\/div>\n<\/td>\n<td>\n<div align=\"right\">3.390 DM<\/div>\n<\/td>\n<\/tr>\n<tr>\n<td>500 R<\/td>\n<td>\n<div align=\"center\">72 &#8211; 75<\/div>\n<\/td>\n<td>\n<div align=\"right\">13.600 \u20ac<\/div>\n<\/td>\n<td>\n<div align=\"right\">9.200 \u20ac<\/div>\n<\/td>\n<td>\n<div align=\"right\">5.100 \u20ac<\/div>\n<\/td>\n<td>\n<div align=\"right\">1.800 \u20ac<\/div>\n<\/td>\n<td>\n<div align=\"right\">700 \u20ac<\/div>\n<\/td>\n<td>\n<div align=\"right\">4.390 DM<\/div>\n<\/td>\n<\/tr>\n<\/tbody>\n<\/table>\n<p style=\"text-align: center;\" align=\"justify\">Die einzelnen Noten beschreiben hier den ungef\u00e4hren Zustand des Fahrzeuges:<\/p>\n<p align=\"justify\">Note 1:<br \/>\nMakelloser Zustand. Keine M\u00e4ngel an Technik, Optik und Historie. Ein Fahrzeug der absoluten Spitzenklasse. Wie neu (oder besser). Sehr selten!<\/p>\n<p align=\"justify\">Note 2:<br \/>\nGuter Zustand. Original oder fachgerecht restauriert. M\u00e4ngelfrei aber mit leichten Gebrauchsspuren. Keine fehlenden oder zus\u00e4tzlich montierten Teile (Ausnahme: Wenn es die StVZO verlangt).<\/p>\n<p align=\"justify\">Note 3:<br \/>\nGebrauchter Zustand. Normale Spuren der Jahre. Kleinere M\u00e4ngel, aber voll fahrbereit. Keine Durchrostungen. Keine sofortigen Arbeiten notwendig. Nicht sch\u00f6n, aber gebrauchsf\u00e4hig.<\/p>\n<p align=\"justify\">Note 4:<br \/>\nVerbrauchter Zustand, eventuell teilrestauriert. Nur bedingt fahrbereit. Sofortige Arbeiten notwendig. Leichte bis mittlere Durchrostungen. Einige kleinere Teile k\u00f6nnen fehlen oder defekt sein. Aber: immer noch relativ leicht zu reparieren und restaurieren.<\/p>\n<p align=\"justify\">Note 5:<br \/>\nRestaurierungsbed\u00fcrftiger Zustand. Nicht fahrbereit. Schlecht restauriert, eventuell auch teil- oder komplett zerlegt. Gr\u00f6\u00dfere Investitionen notwendig, aber immer noch restaurierbar. Fehlende Teile.<\/p>\n<p align=\"justify\">Hierbei wird es selbstverst\u00e4ndlich nicht immer eindeutig sein, ein Fahrzeug exakt in eine der Zustandsnoten einzuordnen. Ein ansonsten technisch und optisch einwandfreier Wagen wird sicherlich nicht sofort wegen einer kleinen Durchrostung die Zustandsnote 3 einnehmen, wenn ansonsten alles tiptop in Ordnung ist.<\/p>\n<p align=\"justify\">Vielmehr wird man dann wohl zwischen zwei Noten liegen. Eine exakte Klassifzierung kann man anhand des bei <a href=\"http:\/\/www.oldtimer-info.de\" target=\"_blank\" rel=\"noopener noreferrer\"><strong>www.oldtimer-info.de<\/strong><\/a> erh\u00e4ltlichen Bewertungsbogens vornehmen. Allerdings sollte man hier schon ein wenig Sachkenntnis mit sich bringen. Empfehlenswert ist hier der Aritkel zur Fahrzeugbewertung im Sonderheft Nr. 36 der <a href=\"http:\/\/www.oldtimer-markt.de\/\"><strong>Oldtimer-Markt<\/strong><\/a>.<\/p>\n<p align=\"justify\">Dar\u00fcber hinaus sollte man letztlich noch bedenken, dass es entgegen den oben genannten Preisen manchmal dennoch schwierig sein kann, ein bestimmtes Modell zu dem entsprechenden Preis auf dem Markt auch tats\u00e4chlich zu finden. Standard N\u00b4s oder auch das Modell Sport d\u00fcrften zumindest kaum zu den angegebenen Preisen in s\u00e4mtlichen Zust\u00e4nden zu bekommen sein.<\/p>\n<p align=\"justify\">Eine kleine Hilfe kann die \u00dcbersicht dennoch geben, damit man einen ungef\u00e4hren \u00dcberblick und Richtwert hat.<\/p>\n<h2 align=\"justify\"><strong>Preisentwicklung der Jahre 1989 bis 2020<\/strong><\/h2>\n<h4 style=\"text-align: center;\" align=\"justify\">F<strong>iat 500 N<\/strong><\/h4>\n<p style=\"text-align: justify;\" align=\"justify\">Bei der Modellreihe des Fiat 500 N werden in den Marktpreis\u00fcbersichten von Classic Data drei verschiedene Modelle differenziert. Zum Einen ist dies der Fiat 500 N Standard des Baujahres 1957. Zum Anderen das Modell ab 1958 mit kurzem Faltdach sowie die Cabrio Limousine mit langem Faltdach.<\/p>\n<p style=\"text-align: justify;\" align=\"justify\">In der Preis\u00fcbersicht f\u00fcr das Jahr 2008, welche von Olditax ermittelt wurde, wird diese Unterscheidung nicht getroffen. Es wird nur das Modell Fiat 500 N aufgelistet, sodass wir diese Preise pauschal auf alle drei N-Modelle \u00fcbertragen haben. Seit dem Jahr 2014 sind die Preise f\u00fcr alle N-Modelle ohnehin identisch.<\/p>\n<p style=\"text-align: justify;\" align=\"justify\">Die Preise f\u00fcr alle 500 N wurden mittlerweile in den vergangenen Jahren stets nach oben angepasst. Da die Fahrzeuge recht selten und entsprechend schwierig zu bekommen sind, stieg der Preis ab dem Jahr 2012 \u00fcberproportional stark an und h\u00e4lt sich bei Note 1 stabil \u00fcber 20.000 EUR.<\/p>\n<p style=\"text-align: center;\" align=\"justify\"><a href=\"https:\/\/www.500er-fiat.de\/wp-content\/uploads\/2017\/02\/preis500nstandard-1.jpg\" data-lightbox=\"on\"><img loading=\"lazy\" decoding=\"async\" class=\"aligncenter wp-image-3282 size-medium\" src=\"https:\/\/www.500er-fiat.de\/wp-content\/uploads\/2017\/02\/preis500nstandard-300x162.jpg\" width=\"300\" height=\"162\" srcset=\"https:\/\/www.500er-fiat.de\/wp-content\/uploads\/2017\/02\/preis500nstandard-300x162.jpg 300w, https:\/\/www.500er-fiat.de\/wp-content\/uploads\/2017\/02\/preis500nstandard.jpg 748w\" sizes=\"(max-width: 300px) 100vw, 300px\" \/><\/a><\/p>\n<p style=\"text-align: center;\" align=\"justify\"><a href=\"https:\/\/www.500er-fiat.de\/wp-content\/uploads\/2017\/02\/preis500nkurz.jpg\" data-lightbox=\"on\"><img loading=\"lazy\" decoding=\"async\" class=\"aligncenter wp-image-3283 size-medium\" src=\"https:\/\/www.500er-fiat.de\/wp-content\/uploads\/2017\/02\/preis500nkurz-300x165.jpg\" width=\"300\" height=\"165\" srcset=\"https:\/\/www.500er-fiat.de\/wp-content\/uploads\/2017\/02\/preis500nkurz-300x165.jpg 300w, https:\/\/www.500er-fiat.de\/wp-content\/uploads\/2017\/02\/preis500nkurz.jpg 736w\" sizes=\"(max-width: 300px) 100vw, 300px\" \/><\/a><\/p>\n<p style=\"text-align: center;\" align=\"justify\"><a href=\"https:\/\/www.500er-fiat.de\/wp-content\/uploads\/2017\/02\/preis500nlang.jpg\" data-lightbox=\"on\"><img loading=\"lazy\" decoding=\"async\" class=\"aligncenter wp-image-3284 size-medium\" src=\"https:\/\/www.500er-fiat.de\/wp-content\/uploads\/2017\/02\/preis500nlang-300x164.jpg\" width=\"300\" height=\"164\" srcset=\"https:\/\/www.500er-fiat.de\/wp-content\/uploads\/2017\/02\/preis500nlang-300x164.jpg 300w, https:\/\/www.500er-fiat.de\/wp-content\/uploads\/2017\/02\/preis500nlang.jpg 732w\" sizes=\"(max-width: 300px) 100vw, 300px\" \/><\/a><\/p>\n<h4 style=\"text-align: center;\"><strong>Fiat 500 Sport <\/strong><\/h4>\n<p style=\"text-align: justify;\" align=\"justify\">Der Fiat 500 Sport gilt in den Bewertungslisten stets als teuerstes Fahrzeug. Kein Wunder, wurde er doch nicht so oft gebaut, wie seine Kollegen. Modelle mit Komplettstahldach sind heute besonders selten und d\u00fcrften teilweise auch locker die angegebenen Marktpreise \u00fcbersteigen. Hier sind deutliche Preisspr\u00fcnge von 2005 nach 2007 zu vermerken, w\u00e4hrend der Preis wie bei allen anderen Modellen bis dahin weitestgehend stagnierte und nur geringe Steigerungen zulie\u00df.<\/p>\n<p style=\"text-align: justify;\" align=\"justify\">Da das Fahrzeug extrem rar ist, wies es von 2011 auf 2020 die st\u00e4rkste Wertsteigerung aller Modelle auf. Fraglich ist jedoch, wie realistisch diese Preise sind, da Sport-Modelle eigentlich selten bis gar nicht gehandelt werden. Ihr tats\u00e4chlicher Preis k\u00f6nnte also noch deutlich h\u00f6her liegen.<\/p>\n<p style=\"text-align: center;\" align=\"justify\"><a href=\"https:\/\/www.500er-fiat.de\/wp-content\/uploads\/2017\/02\/preis500sport.jpg\" data-lightbox=\"on\"><img loading=\"lazy\" decoding=\"async\" class=\"aligncenter wp-image-3285 size-medium\" src=\"https:\/\/www.500er-fiat.de\/wp-content\/uploads\/2017\/02\/preis500sport-300x160.jpg\" width=\"300\" height=\"160\" srcset=\"https:\/\/www.500er-fiat.de\/wp-content\/uploads\/2017\/02\/preis500sport-300x160.jpg 300w, https:\/\/www.500er-fiat.de\/wp-content\/uploads\/2017\/02\/preis500sport.jpg 746w\" sizes=\"(max-width: 300px) 100vw, 300px\" \/><\/a><\/p>\n<h4 style=\"text-align: center;\"><\/h4>\n<h4 style=\"text-align: center;\">Fiat 500 D<\/h4>\n<p style=\"text-align: justify;\" align=\"justify\">Auch der Fiat 500 D, das letzte Modell, das noch mit Selbstm\u00f6rdert\u00fcren, also mit hinten angeschlagenen T\u00fcren, produziert wurde, geh\u00f6rt zu den h\u00f6herpreisigen 500er Fahrzeugen. Autos in gutem Zustand sind rar und dementsprechend teuer. Auch hier konnte ebenfalls ein signifikanter Preisanstieg in den Jahren ab 2002 verzeichnet werden. Von 2011 nach 2012 erfolgte ebenfalls eine wesentliche Preis\u00e4nderung. Danach stieg der Preis nicht mehr so stark bis im Jahr 2019 der Preis f\u00fcr ein Note 1 Fahrzeug um sage und schreibe fast 6.000 EUR anstieg!<\/p>\n<p style=\"text-align: center;\" align=\"justify\"><a href=\"https:\/\/www.500er-fiat.de\/wp-content\/uploads\/2017\/02\/preis500d.jpg\" data-lightbox=\"on\"><img loading=\"lazy\" decoding=\"async\" class=\"aligncenter wp-image-3286 size-medium\" src=\"https:\/\/www.500er-fiat.de\/wp-content\/uploads\/2017\/02\/preis500d-300x163.jpg\" width=\"300\" height=\"163\" srcset=\"https:\/\/www.500er-fiat.de\/wp-content\/uploads\/2017\/02\/preis500d-300x163.jpg 300w, https:\/\/www.500er-fiat.de\/wp-content\/uploads\/2017\/02\/preis500d.jpg 725w\" sizes=\"(max-width: 300px) 100vw, 300px\" \/><\/a><\/p>\n<p style=\"text-align: center;\"><strong>Fiat 500 Giardiniera <\/strong><\/p>\n<p style=\"text-align: justify;\" align=\"justify\">Die Giardiniera, oder die G\u00e4rtnerin, wie sie auf deutsch \u00fcbersetzt hei\u00dft, geh\u00f6rt ebenfalls zu den gesuchten Fahrzeugen. Auch sie hat Selbstm\u00f6rdert\u00fcren. Lagen die Preise vor einigen Jahren noch rund 1.500 EUR h\u00f6her als beim normalen Fiat 500 D, so sind sie heute deutlich g\u00fcnstiger.<\/p>\n<p style=\"text-align: center;\" align=\"justify\"><a href=\"https:\/\/www.500er-fiat.de\/wp-content\/uploads\/2017\/02\/preis500giardiniera.jpg\" data-lightbox=\"on\"><img loading=\"lazy\" decoding=\"async\" class=\"aligncenter wp-image-3287 size-medium\" src=\"https:\/\/www.500er-fiat.de\/wp-content\/uploads\/2017\/02\/preis500giardiniera-300x163.jpg\" width=\"300\" height=\"163\" srcset=\"https:\/\/www.500er-fiat.de\/wp-content\/uploads\/2017\/02\/preis500giardiniera-300x163.jpg 300w, https:\/\/www.500er-fiat.de\/wp-content\/uploads\/2017\/02\/preis500giardiniera.jpg 734w\" sizes=\"(max-width: 300px) 100vw, 300px\" \/><\/a><\/p>\n<h4 style=\"text-align: center;\"><strong>Fiat 500 F <\/strong><\/h4>\n<p style=\"text-align: justify;\" align=\"justify\">Der Fiat 500 F, erstes Modell mit vorne angeschlagenen T\u00fcren und neuer Karosseriekonstruktion. Die Preise sind in den letzten Jahren stark gestiegen. Beachtlich ist insbesondere die Steigerung des Jahres 2005 nach 2007, um satte 2.700 EUR bei einem Modell der Zustandsnote 1. W\u00e4hrend die Preise danach ann\u00e4hernd stabil geblieben waren, konnte das F-Modell von 2015 auf 2020 in der Spitzennote um 1.700 EUR zulegen.<\/p>\n<p style=\"text-align: center;\" align=\"justify\"><a href=\"https:\/\/www.500er-fiat.de\/wp-content\/uploads\/2017\/02\/preis500f.jpg\" data-lightbox=\"on\"><img loading=\"lazy\" decoding=\"async\" class=\"aligncenter wp-image-3288 size-medium\" src=\"https:\/\/www.500er-fiat.de\/wp-content\/uploads\/2017\/02\/preis500f-300x163.jpg\" width=\"300\" height=\"163\" srcset=\"https:\/\/www.500er-fiat.de\/wp-content\/uploads\/2017\/02\/preis500f-300x163.jpg 300w, https:\/\/www.500er-fiat.de\/wp-content\/uploads\/2017\/02\/preis500f.jpg 727w\" sizes=\"(max-width: 300px) 100vw, 300px\" \/><\/a><\/p>\n<h4 style=\"text-align: center;\"><strong>Fiat 500 L <\/strong><\/h4>\n<p style=\"text-align: justify;\" align=\"justify\">Auch der Fiat 500 L, die Luxusversion des 500 F steigt im Preis. Viel gibt er sich im Vergleich zu seinem &#8222;kargen&#8220; Bruder nicht. Die Preise sind im mittleren Zustandsbereich ann\u00e4hernd gleich, w\u00e4hrend Autos im Zustand 1 sogar teurer sind.<\/p>\n<p style=\"text-align: center;\" align=\"justify\"><a href=\"https:\/\/www.500er-fiat.de\/wp-content\/uploads\/2017\/02\/preis500l.jpg\" data-lightbox=\"on\"><img loading=\"lazy\" decoding=\"async\" class=\"aligncenter wp-image-3289 size-medium\" src=\"https:\/\/www.500er-fiat.de\/wp-content\/uploads\/2017\/02\/preis500l-1-300x163.jpg\" width=\"300\" height=\"163\" \/><\/a><\/p>\n<h4 style=\"text-align: center;\"><strong>Fiat 500 R <\/strong><\/h4>\n<p style=\"text-align: justify;\" align=\"justify\">Seine Zeit wird kommen, prophezeiten wir noch vor einigen Jahren! Mittlerweile ist der j\u00fcngste Spross der 500er-Familie mit seinem nahezu identischen Kollegen F fast gleichgezogen. Je nach Zustand liegt er nur noch hundert Euro zur\u00fcck bzw. ist mit ihm gleich auf.<\/p>\n<p style=\"text-align: center;\" align=\"justify\"><a href=\"https:\/\/www.500er-fiat.de\/wp-content\/uploads\/2017\/02\/preis500r.jpg\" data-lightbox=\"on\"><img loading=\"lazy\" decoding=\"async\" class=\"aligncenter wp-image-3290 size-medium\" src=\"https:\/\/www.500er-fiat.de\/wp-content\/uploads\/2017\/02\/preis500r-300x165.jpg\" width=\"300\" height=\"165\" srcset=\"https:\/\/www.500er-fiat.de\/wp-content\/uploads\/2017\/02\/preis500r-300x165.jpg 300w, https:\/\/www.500er-fiat.de\/wp-content\/uploads\/2017\/02\/preis500r.jpg 727w\" sizes=\"(max-width: 300px) 100vw, 300px\" \/><\/a><\/p>\n<p style=\"text-align: justify;\" align=\"justify\">Die ausf\u00fchrlichen Preis\u00fcbersichten k\u00f6nnen Sie \u00fcbrigens als Excel-Tabelle in unserem <a title=\"Downloads\" href=\"https:\/\/www.500er-fiat.de\/?page_id=2170\"><strong>Download-Bereich<\/strong><\/a> herunterladen!<\/p>\n","protected":false},"excerpt":{"rendered":"<p>Preisentwicklung: Er wird immer teurer (wie so alles im Leben).<\/p>\n","protected":false},"author":2,"featured_media":3757,"parent":131,"menu_order":5,"comment_status":"closed","ping_status":"closed","template":"page-templates\/template-team.php","meta":{"footnotes":""},"_links":{"self":[{"href":"https:\/\/www.500er-fiat.de\/index.php?rest_route=\/wp\/v2\/pages\/136"}],"collection":[{"href":"https:\/\/www.500er-fiat.de\/index.php?rest_route=\/wp\/v2\/pages"}],"about":[{"href":"https:\/\/www.500er-fiat.de\/index.php?rest_route=\/wp\/v2\/types\/page"}],"author":[{"embeddable":true,"href":"https:\/\/www.500er-fiat.de\/index.php?rest_route=\/wp\/v2\/users\/2"}],"replies":[{"embeddable":true,"href":"https:\/\/www.500er-fiat.de\/index.php?rest_route=%2Fwp%2Fv2%2Fcomments&post=136"}],"version-history":[{"count":5,"href":"https:\/\/www.500er-fiat.de\/index.php?rest_route=\/wp\/v2\/pages\/136\/revisions"}],"predecessor-version":[{"id":3967,"href":"https:\/\/www.500er-fiat.de\/index.php?rest_route=\/wp\/v2\/pages\/136\/revisions\/3967"}],"up":[{"embeddable":true,"href":"https:\/\/www.500er-fiat.de\/index.php?rest_route=\/wp\/v2\/pages\/131"}],"wp:featuredmedia":[{"embeddable":true,"href":"https:\/\/www.500er-fiat.de\/index.php?rest_route=\/wp\/v2\/media\/3757"}],"wp:attachment":[{"href":"https:\/\/www.500er-fiat.de\/index.php?rest_route=%2Fwp%2Fv2%2Fmedia&parent=136"}],"curies":[{"name":"wp","href":"https:\/\/api.w.org\/{rel}","templated":true}]}}