{"id":135,"date":"2012-12-16T01:40:48","date_gmt":"2012-12-16T00:40:48","guid":{"rendered":"http:\/\/500er-fiat.de\/?page_id=44"},"modified":"2019-05-27T20:13:37","modified_gmt":"2019-05-27T18:13:37","slug":"kaufberatung","status":"publish","type":"page","link":"https:\/\/www.500er-fiat.de\/?page_id=135","title":{"rendered":"Kaufberatung"},"content":{"rendered":"<h4>Kaufberatung<\/h4>\n<p style=\"text-align: justify;\" align=\"justify\">Wer sich einen Fiat 500 kaufen m\u00f6chte, der sollte sich bewusst sein, dass es sich hierbei um einen Oldtimer handelt, der intensiver Pflege bedarf. Die j\u00fcngsten Modelle sind mittlerweile \u00fcber 30 Jahre alt, die \u00e4ltesten n\u00e4chstes Jahr ein halbes Jahrhundert und somit keine Neufahrzeuge mehr. Einfach reinsetzen und und unbesorgt losfahren wie bei heutigen Fahrzeugen, k\u00f6nnte in einigen F\u00e4llen zu Frust f\u00fchren, wenn der Kleine mal wieder rumzickt.<\/p>\n<p style=\"text-align: justify;\">Denn auch wenn der Fiat ein kleines Auto ist, das relativ simpel aufgebaut ist und nicht allzu viel Technik in sich birgt, kann dennoch alles daran kaputt gehen. Genauso einfach kann man aber auch alles selbst wieder reparieren, ein wenig handewerkliches Geschick und Interesse am Schrauben vorausgesetzt.<\/p>\n<h4 style=\"text-align: justify;\">Ersatzteile<\/h4>\n<p>Hier ist zu unterscheiden zwischen den verschiedenen Modellen. F\u00fcr die Reihen F\/L\/R ist nahezu jedes Teil als Gebraucht- oder Neuteil erh\u00e4ltlich. Werden die Teile heute bei einem der zahlreichen H\u00e4ndler bestellt (Adressen gibt es in unserem <a href=\"http:\/\/500er-fiat.de\/Sites\/Community\/haendler.php\"><strong>Link-Bereich<\/strong><\/a>), liegen sie meist morgen schon als Paket vor der T\u00fcr. Aber auch <strong><a href=\"http:\/\/www.ebay.de\" target=\"_blank\" rel=\"noopener noreferrer\">Ebay<\/a><\/strong> hat einiges zu bieten. Angefangen vom Kondensator, \u00fcber den Vergaser, kompletten Motoren, Blechteilen aller Art oder nagelneuen Edelstahltanks bekommt man alles und das meist f\u00fcr (noch) wenig Geld. Zudem kann man im Technikbereich vieles des j\u00fcngeren Bruders Fiat 126 verwenden.<\/p>\n<p align=\"justify\">Schwieriger wird es da schon, wenn man einen Fiat 500 N, D oder Giardiniera sein eigen nennt. Blechteile sind zwar zum Teil noch erh\u00e4ltlich, aber sehr rar ges\u00e4ht und erheblich teurer als bei den anderen Modellen. Kostet zum Beispiel ein Frontblech f\u00fcr F\/L\/R rund 50 EUR, ist man bei einem Frontblech f\u00fcr das Modell D locker bei 150 EUR. Frontbleche f\u00fcr fr\u00fche N-Modelle mit Lufteinl\u00e4ssen sind gar nicht mehr erh\u00e4ltlich.<\/p>\n<h4 align=\"justify\">Der Kauf<\/h4>\n<p style=\"text-align: justify;\">Um nicht sp\u00e4testens beim ersten T\u00dcV-Besuch Frust erleben zu m\u00fcssen, ist es wichtig, dass man sich bei der Auswahl des Fahrzeuges Zeit l\u00e4sst und auch genau hinsieht. Ratsam ist es, auf jeden Fall jemanden mitzunehmen, der sich mit der Materie auskennt. Empfehlenswert ist es in diesem Zusammenhang vor der Anschaffung einen der zahlreichen deutschen <a href=\"http:\/\/500er-fiat.de\/Sites\/Community\/clubs.php\"><strong>Clubs<\/strong><\/a> aufzusuchen. Auch \u00fcber das <a href=\"http:\/\/www.fiat500.de\/wbboard\/main.php\" target=\"_blank\" rel=\"noopener noreferrer\"><strong>Forum<\/strong><\/a> l\u00e4sst sich ein erster Kontakt mit Fachleuten herstellen.<\/p>\n<h4 align=\"justify\">Karosserie<\/h4>\n<p style=\"text-align: justify;\" align=\"justify\">Rost ist das Hauptproblem des italienischen Bleches. Rostvorsorge war damals ein Fremdwort und dementsprechend sehen die Autos heute aus. Schwachstellen gibt es viele, um nicht zu sagen, \u00fcberall.<\/p>\n<p style=\"text-align: justify;\" align=\"justify\">Spezielle Punkte auf die man beim Kauf achten sollte, m\u00f6chten wir hier hinweisen.<\/p>\n<p style=\"text-align: justify;\" align=\"justify\">1. Frontblech<\/p>\n<p>Hier gibt es h\u00e4ufig Sch\u00e4den, verursacht durch Auffahrunf\u00e4lle oder unsachgem\u00e4\u00dfes Abschleppen. Auch von innen sollte man das Frontblech begutachten. Hinter ihm befindet sich die Batterie. Auslaufende S\u00e4ure hat schon so manchen Lochfra\u00df hervorgerufen.<\/p>\n<p style=\"text-align: justify;\" align=\"justify\">2. Bodenbleche und Schweller<\/p>\n<p>Sehr oft sind auch die Bodenbleche sowie die Schweller in Mitleidenschaft gezogen. Hier genau nachsehen. Sollte man von unten aufgrund von zentimeterdickem Unterbodenschutz nicht sehen k\u00f6nnen, hilft auf jeden Fall auch mal ein Blick von innen unter den Teppich.<\/p>\n<p style=\"text-align: justify;\" align=\"justify\">3. T\u00fcren<\/p>\n<p>Auch die T\u00fcren neigen dazu, sehr leicht zu rosten. Wasser, dass durch defekte Scheibendichtungen in die T\u00fcr hinein-, aber nicht mehr hinausl\u00e4uft, verursacht an den Unterkanten oft Rostsch\u00e4den.<\/p>\n<p style=\"text-align: justify;\" align=\"justify\">4. Radl\u00e4ufe und Kotfl\u00fcgel<\/p>\n<p>Gut kontrollieren, geh\u00f6rt doch gerade auch diese Region zu einer der vielen Schwachstellen. Hier empfiehlt es sich evtl. auch mal auf die Schnelle die R\u00fccklichter abzuschrauben und einen Blick in die dahinter befindlichen Hohlr\u00e4ume zu werfen. Kann man schon durchschauen? \ud83d\ude42<\/p>\n<p style=\"text-align: justify;\" align=\"justify\">5. Frontscheibe<\/p>\n<p>Auch hier gibt es Rost aufgrund von eindringendem Regenwasser. Genau nachsehen, ob alles in Ordnung ist und auch vom Kofferrauminneren f\u00fchlen, wie weit sich die braune Pest schon vorgewagt hat.<\/p>\n<h4 align=\"justify\">Technik<\/h4>\n<p style=\"text-align: justify;\" align=\"justify\">Ist das Blech halbwegs in Ordnung, widmen wir uns der Technik.<\/p>\n<p style=\"text-align: justify;\" align=\"justify\">Das Getriebe ist im Original unsynchronisiert, d.h. beim Schalten Zwischengas und Zwischenkuppeln nicht vergessen, sonst kracht es. Ist ein Getriebe des Fiat 126 verbaut, dann ist es hingegen synchronisiert und kann wie bei einem &#8222;normalen&#8220; Auto geschaltet werden. Alles in allem ist das Getriebe sehr robust. Ein wenig \u00d6lverlust am Schaltgest\u00e4nge ist normal.<\/p>\n<p style=\"text-align: justify;\" align=\"justify\">Beim Motor ist es ratsam, die Kompression zu messen, um sich ein Bild \u00fcber den Zustand machen zu k\u00f6nnen. Ca. 7 bis 8 bar pro Zylinder sind ein guter Wert.<\/p>\n<p style=\"text-align: justify;\" align=\"justify\">Springt der Motor sofort an? Gut. L\u00e4uft er auch im Leerlauf rund ohne gro\u00dfe &#8222;Achterbahnfahrten&#8220; und nimmt das Gas spontan an? Wenn nicht, k\u00f6nnte eine ausgeschlagene Drosselklappenwelle der Fehler sein. Dies kommt gerade beim verbauten Weber-Vergaser sehr h\u00e4ufig vor.<\/p>\n<p style=\"text-align: justify;\" align=\"justify\">Unterhalb der beiden Kr\u00fcmmer befindet sich jeweils eine Schraube, die ein Loch in der Mitte hat. Achtung: bl\u00e4st der Fiat beim Betrieb hier ab, dann ist die Zylinderkopfdichtung durch!<\/p>\n<p style=\"text-align: justify;\" align=\"justify\">Ebenfalls sehr anf\u00e4llig sind die Antriebswellen. Die Verzahnungen der Ruckd\u00e4mpfer geben des \u00f6fteren ihren Geist auf. Nur leider merkt man das oft erst sp\u00e4ter. Aber eventuell wei\u00df ja der Verk\u00e4ufer, ob hier vor kurzem schonmal etwas ausgetauscht wurde und ob sogar verst\u00e4rkte Achswellen verbaut sind.<\/p>\n<p style=\"text-align: justify;\" align=\"justify\">Und dann kommen wir zum Hauptproblem des Fiats: er \u00f6lt. Angefangen an den Achsmanschetten, \u00fcber defekte Ventildeckel, \u00fcber die St\u00f6\u00dfelrohre bis hin zur \u00d6ffnung des \u00d6lmessstabes. Ein wenig ist in Ordnung. Hinterl\u00e4sst der Kleine jedoch nach kurzer Zeit bereits eine gro\u00dfe Pf\u00fctze, dann sollte man mal genauer hinschauen, was die Ursache ist.<\/p>\n<h4 align=\"justify\">Preis<\/h4>\n<p style=\"text-align: justify;\" align=\"justify\">Ist das Objekt der Begierde soweit in Ordnung? Gut. Doch wieviel darf der 500er denn eigentlich kosten? Oder lohnt es sich gar, aufgrund der Preisentwicklung mit dem Kauf noch etwas zu warten?<\/p>\n<p style=\"text-align: justify;\" align=\"right\"><a href=\"http:\/\/500er-fiat.de\/Sites\/500er\/preisentwicklung.php\"><strong>&#8211;&gt; Nun, das verraten wir Ihnen auf der folgenden Seite, unserer Preis\u00fcbersicht<\/strong>!<\/a><\/p>\n<p>Doch zuvor kl\u00e4ren wir Sie noch kurz \u00fcber die laufenden Kosten aus.<\/p>\n<h4 align=\"justify\"><strong><br \/>\n<\/strong>Unterhaltskosten<\/h4>\n<p style=\"text-align: justify;\" align=\"justify\">Die Unterhaltskosten sind, abgesehen von unvorhersehbaren Pannen (siehe auch das pers\u00f6nliche <strong><a href=\"https:\/\/www.500er-fiat.de\/?cat=8\">Tagebuch<\/a><\/strong>), recht niedrig.<\/p>\n<p style=\"text-align: justify;\" align=\"justify\">Die KFZ-Steuer ist ertr\u00e4glich. Ein H-Kennzeichen br\u00e4chte f\u00fcr den Fiat obgleich des Fahrzeugalters rein gar nichts. Die Steuer w\u00fcrde in diesem Falle den pauschalen Satz in H\u00f6he von 191,73 EUR betragen.<br \/>\nAufgrund der niedrigen Kubikzahl ist es ratsamer, den Fiat ganz normal anzumelden. Dann zahlt man zwar den h\u00f6chsten Satz, da der Motor alles andere als schadstoffarm ist. Dieser betr\u00e4gt pro Jahr 25,36 EUR je angefangene 100 ccm. Das macht beim Fiat jedoch insgesamt lediglich 126,80 EUR bei einer ganzj\u00e4hrigen Anmeldung und ist somit um einiges g\u00fcnstiger, als bei einer historischen Anmeldung.<\/p>\n<p style=\"text-align: justify;\" align=\"justify\">Die Versicherungspreise sind sehr unterschiedlich. Man sollte allerdings darauf achten, dass man eine spezielle Oldtimerversicherung findet. Diese kostet zum Beispiel bei der ADAC Classic Car Versicherung f\u00fcr eine Saisonanmeldung von M\u00e4rz bis Oktober nur 100 EUR inklusive Teilkasko und Versicherung bei Vandalismussch\u00e4den.<\/p>\n<p style=\"text-align: justify;\" align=\"justify\">Eine genaue \u00dcbersicht finden Sie in unserem <a title=\"Eintragungen\" href=\"https:\/\/www.500er-fiat.de\/?page_id=50\"><strong>Download-Bereich<\/strong><\/a>.<\/p>\n","protected":false},"excerpt":{"rendered":"<p>Kaufberatung: Worauf sollte ich achten, wenn ich einen 500er erwerben will?<\/p>\n","protected":false},"author":2,"featured_media":3755,"parent":131,"menu_order":4,"comment_status":"closed","ping_status":"closed","template":"page-templates\/template-team.php","meta":{"footnotes":""},"_links":{"self":[{"href":"https:\/\/www.500er-fiat.de\/index.php?rest_route=\/wp\/v2\/pages\/135"}],"collection":[{"href":"https:\/\/www.500er-fiat.de\/index.php?rest_route=\/wp\/v2\/pages"}],"about":[{"href":"https:\/\/www.500er-fiat.de\/index.php?rest_route=\/wp\/v2\/types\/page"}],"author":[{"embeddable":true,"href":"https:\/\/www.500er-fiat.de\/index.php?rest_route=\/wp\/v2\/users\/2"}],"replies":[{"embeddable":true,"href":"https:\/\/www.500er-fiat.de\/index.php?rest_route=%2Fwp%2Fv2%2Fcomments&post=135"}],"version-history":[{"count":2,"href":"https:\/\/www.500er-fiat.de\/index.php?rest_route=\/wp\/v2\/pages\/135\/revisions"}],"predecessor-version":[{"id":3756,"href":"https:\/\/www.500er-fiat.de\/index.php?rest_route=\/wp\/v2\/pages\/135\/revisions\/3756"}],"up":[{"embeddable":true,"href":"https:\/\/www.500er-fiat.de\/index.php?rest_route=\/wp\/v2\/pages\/131"}],"wp:featuredmedia":[{"embeddable":true,"href":"https:\/\/www.500er-fiat.de\/index.php?rest_route=\/wp\/v2\/media\/3755"}],"wp:attachment":[{"href":"https:\/\/www.500er-fiat.de\/index.php?rest_route=%2Fwp%2Fv2%2Fmedia&parent=135"}],"curies":[{"name":"wp","href":"https:\/\/api.w.org\/{rel}","templated":true}]}}