{"id":134,"date":"2012-12-16T01:40:30","date_gmt":"2012-12-16T00:40:30","guid":{"rendered":"http:\/\/500er-fiat.de\/?page_id=42"},"modified":"2019-05-27T20:13:17","modified_gmt":"2019-05-27T18:13:17","slug":"fahrgestellnummern","status":"publish","type":"page","link":"https:\/\/www.500er-fiat.de\/?page_id=134","title":{"rendered":"Fahrgestellnummern"},"content":{"rendered":"<h2>Fahrgestellnummern des Nuova Cinquecento<\/h2>\n<p style=\"text-align: justify;\">Sie haben einen Fiat 500 ganz zuf\u00e4llig in Ihrer Scheune gefunden, haben aber keinerlei Papiere und w\u00fcrden jetzt gerne wissen, wie alt das gute St\u00fcck ist und um welches Modell es sich handelt? Anhand der Fahrgestellnummer ist nichts einfacher als das!<\/p>\n<hr>\n<table width=\"85%\" border=\"0\">\n<tbody>\n<tr>\n<td colspan=\"2\">\n<div align=\"left\"><strong>Fiat 500 N<\/strong><\/div>\n<\/td>\n<\/tr>\n<tr>\n<td><\/td>\n<td><\/td>\n<\/tr>\n<tr>\n<td width=\"57%\">\n<div align=\"center\"><strong>Fahrgestellnummer 110.000<\/strong><\/div>\n<\/td>\n<td>\n<div align=\"center\"><strong>Baujahr<\/strong><\/div>\n<\/td>\n<\/tr>\n<tr>\n<td>\n<div align=\"center\">von 000101 bis 028538<\/div>\n<\/td>\n<td>\n<div align=\"center\">1957<\/div>\n<\/td>\n<\/tr>\n<tr>\n<td>\n<div align=\"center\">von 028539 bis 051383<\/div>\n<\/td>\n<td>\n<div align=\"center\">1958<\/div>\n<\/td>\n<\/tr>\n<tr>\n<td>\n<div align=\"center\">von 051384 bis 117657<\/div>\n<\/td>\n<td>\n<div align=\"center\">1959<\/div>\n<\/td>\n<\/tr>\n<tr>\n<td>\n<div align=\"center\">von 117658 bis 181137<\/div>\n<\/td>\n<td>\n<div align=\"center\">1960<\/div>\n<\/td>\n<\/tr>\n<\/tbody>\n<\/table>\n<hr>\n<table width=\"85%\" border=\"0\">\n<tbody>\n<tr>\n<td colspan=\"2\"><strong>Fiat 500 D<\/strong><\/td>\n<\/tr>\n<tr>\n<td width=\"57%\"><\/td>\n<td width=\"43%\"><\/td>\n<\/tr>\n<tr>\n<td>\n<div align=\"center\"><strong>Fahrgestellnummer 110D<\/strong><\/div>\n<\/td>\n<td>\n<div align=\"center\"><strong>Baujahr<\/strong><\/div>\n<\/td>\n<\/tr>\n<tr>\n<td>\n<div align=\"center\">von 182000 bis 202091<\/div>\n<\/td>\n<td>\n<div align=\"center\">1960<\/div>\n<\/td>\n<\/tr>\n<tr>\n<td>\n<div align=\"center\">von 202092 bis 288933<\/div>\n<\/td>\n<td>\n<div align=\"center\">1961<\/div>\n<\/td>\n<\/tr>\n<tr>\n<td>\n<div align=\"center\">von 288934 bis 421569<\/div>\n<\/td>\n<td>\n<div align=\"center\">1962<\/div>\n<\/td>\n<\/tr>\n<tr>\n<td>\n<div align=\"center\">von 421570 bis 607204<\/div>\n<\/td>\n<td>\n<div align=\"center\">1963<\/div>\n<\/td>\n<\/tr>\n<tr>\n<td>\n<div align=\"center\">von 607205 bis 800834<\/div>\n<\/td>\n<td>\n<div align=\"center\">1964<\/div>\n<\/td>\n<\/tr>\n<tr>\n<td>\n<div align=\"center\">von 800835 bis 822520<\/div>\n<\/td>\n<td>\n<div align=\"center\">1965<\/div>\n<\/td>\n<\/tr>\n<\/tbody>\n<\/table>\n<hr>\n<table width=\"85%\" border=\"0\">\n<tbody>\n<tr>\n<td colspan=\"2\"><strong>Fiat 500 Giardiniera<\/strong><\/td>\n<\/tr>\n<tr>\n<td width=\"57%\"><\/td>\n<td width=\"43%\"><\/td>\n<\/tr>\n<tr>\n<td>\n<div align=\"center\"><strong>Fahrgestellnummer 120.000<\/strong><\/div>\n<\/td>\n<td>\n<div align=\"center\"><strong>Baujahr<\/strong><\/div>\n<\/td>\n<\/tr>\n<tr>\n<td>\n<div align=\"center\">von 0000051 bis 0027418<\/div>\n<\/td>\n<td>\n<div align=\"center\">1960<\/div>\n<\/td>\n<\/tr>\n<tr>\n<td>\n<div align=\"center\">von 0027419 bis 0062437<\/div>\n<\/td>\n<td>\n<div align=\"center\">1961<\/div>\n<\/td>\n<\/tr>\n<tr>\n<td>\n<div align=\"center\">von 0062438 bis 0082233<\/div>\n<\/td>\n<td>\n<div align=\"center\">1962<\/div>\n<\/td>\n<\/tr>\n<tr>\n<td>\n<div align=\"center\">von 0082234 bis 0113706<\/div>\n<\/td>\n<td>\n<div align=\"center\">1963<\/div>\n<\/td>\n<\/tr>\n<tr>\n<td>\n<div align=\"center\">von 0113707 bis 0138044<\/div>\n<\/td>\n<td>\n<div align=\"center\">1964<\/div>\n<\/td>\n<\/tr>\n<tr>\n<td>\n<div align=\"center\">von 0138045 bis 0161182<\/div>\n<\/td>\n<td>\n<div align=\"center\">1965<\/div>\n<\/td>\n<\/tr>\n<\/tbody>\n<\/table>\n<hr>\n<table width=\"85%\" border=\"0\">\n<tbody>\n<tr>\n<td colspan=\"2\"><strong>Fiat 500 Giardiniera (produziert von Autobianchi)<\/strong><\/td>\n<\/tr>\n<tr>\n<td width=\"57%\"><\/td>\n<td width=\"43%\"><\/td>\n<\/tr>\n<tr>\n<td>\n<div align=\"center\"><strong>Fahrgestellnummer Autobianchi<\/strong><\/div>\n<\/td>\n<td>\n<div align=\"center\"><strong>Baujahr<\/strong><\/div>\n<\/td>\n<\/tr>\n<tr>\n<td>\n<div align=\"center\">161183 bis ???<\/div>\n<\/td>\n<td>\n<div align=\"center\">1966<\/div>\n<\/td>\n<\/tr>\n<tr>\n<td>\n<div align=\"center\">??? bis 214999<\/div>\n<\/td>\n<td>\n<div align=\"center\">1967<\/div>\n<\/td>\n<\/tr>\n<tr>\n<td>\n<div align=\"center\">von 215000 bis 234999<\/div>\n<\/td>\n<td>\n<div align=\"center\">1968<\/div>\n<\/td>\n<\/tr>\n<tr>\n<td>\n<div align=\"center\">von 235000 bis 249999<\/div>\n<\/td>\n<td>\n<div align=\"center\">1969<\/div>\n<\/td>\n<\/tr>\n<tr>\n<td>\n<div align=\"center\">von 250000 bis 258999<\/div>\n<\/td>\n<td>\n<div align=\"center\">1970<\/div>\n<\/td>\n<\/tr>\n<tr>\n<td>\n<div align=\"center\">von 259000 bis 273999<\/div>\n<\/td>\n<td>\n<div align=\"center\">1971<\/div>\n<\/td>\n<\/tr>\n<tr>\n<td>\n<div align=\"center\">von 274000 bis 287999<\/div>\n<\/td>\n<td>\n<div align=\"center\">1972<\/div>\n<\/td>\n<\/tr>\n<tr>\n<td>\n<div align=\"center\">von 288000 bis 297999<\/div>\n<\/td>\n<td>\n<div align=\"center\">1973<\/div>\n<\/td>\n<\/tr>\n<tr>\n<td>\n<div align=\"center\">von 298000 bis 307999<\/div>\n<\/td>\n<td>\n<div align=\"center\">1974<\/div>\n<\/td>\n<\/tr>\n<tr>\n<td>\n<div align=\"center\">von 308000 bis 312999<\/div>\n<\/td>\n<td>\n<div align=\"center\">1975<\/div>\n<\/td>\n<\/tr>\n<tr>\n<td>\n<div align=\"center\">von 313000 bis 319999<\/div>\n<\/td>\n<td>\n<div align=\"center\">1976<\/div>\n<\/td>\n<\/tr>\n<tr>\n<td>\n<div align=\"center\">von 320000 bis 327000<\/div>\n<\/td>\n<td>\n<div align=\"center\">1977<\/div>\n<\/td>\n<\/tr>\n<\/tbody>\n<\/table>\n<hr>\n<table width=\"85%\" border=\"0\">\n<tbody>\n<tr>\n<td colspan=\"2\"><strong>Fiat 500 F\/L (produziert in Turin)<\/strong><\/td>\n<\/tr>\n<tr>\n<td width=\"57%\"><\/td>\n<td width=\"43%\"><\/td>\n<\/tr>\n<tr>\n<td>\n<div align=\"center\"><strong>Fahrgestellnummer 110F<\/strong><\/div>\n<\/td>\n<td>\n<div align=\"center\"><strong>Baujahr<\/strong><\/div>\n<\/td>\n<\/tr>\n<tr>\n<td>\n<div align=\"center\">von 824001 bis 1056856<\/div>\n<\/td>\n<td>\n<div align=\"center\">1965<\/div>\n<\/td>\n<\/tr>\n<tr>\n<td>\n<div align=\"center\">von 1056857 bis 1333077<\/div>\n<\/td>\n<td>\n<div align=\"center\">1966<\/div>\n<\/td>\n<\/tr>\n<tr>\n<td>\n<div align=\"center\">von 1333078 bis 1674690<\/div>\n<\/td>\n<td>\n<div align=\"center\">1967<\/div>\n<\/td>\n<\/tr>\n<tr>\n<td>\n<div align=\"center\">von 1674691 bis 2011357<\/div>\n<\/td>\n<td>\n<div align=\"center\">1968<\/div>\n<\/td>\n<\/tr>\n<tr>\n<td>\n<div align=\"center\">von 2011358 bis 2362389<\/div>\n<\/td>\n<td>\n<div align=\"center\">1969<\/div>\n<\/td>\n<\/tr>\n<tr>\n<td>\n<div align=\"center\">von 2362390 bis 2742562<\/div>\n<\/td>\n<td>\n<div align=\"center\">1970<\/div>\n<\/td>\n<\/tr>\n<tr>\n<td>\n<div align=\"center\">von 2742563 bis 2976954<\/div>\n<\/td>\n<td>\n<div align=\"center\">1971<\/div>\n<\/td>\n<\/tr>\n<tr>\n<td>\n<div align=\"center\">von 2976955 bis 3096091<\/div>\n<\/td>\n<td>\n<div align=\"center\">1972<\/div>\n<\/td>\n<\/tr>\n<\/tbody>\n<\/table>\n<hr>\n<table width=\"85%\" border=\"0\">\n<tbody>\n<tr>\n<td colspan=\"2\"><strong>Fiat 500 F\/L\/R (produziert von Sicilfiat)<\/strong><\/td>\n<\/tr>\n<tr>\n<td width=\"57%\"><\/td>\n<td width=\"43%\"><\/td>\n<\/tr>\n<tr>\n<td>\n<div align=\"center\"><strong>Fahrgestellnummer 110F<\/strong><\/div>\n<\/td>\n<td>\n<div align=\"center\"><strong>Baujahr<\/strong><\/div>\n<\/td>\n<\/tr>\n<tr>\n<td>\n<div align=\"center\">von 5016129 bis 5057789 (F\/L))<\/div>\n<\/td>\n<td>\n<div align=\"center\">1971<\/div>\n<\/td>\n<\/tr>\n<tr>\n<td>\n<div align=\"center\">von 5057890 bis 5096649 (F\/L)<\/div>\n<\/td>\n<td>\n<div align=\"center\">1972<\/div>\n<\/td>\n<\/tr>\n<tr>\n<td>\n<div align=\"center\">von 5096796 bis 5104051 (R)<\/div>\n<\/td>\n<td>\n<div align=\"center\">1972<\/div>\n<\/td>\n<\/tr>\n<tr>\n<td>\n<div align=\"center\">von 5104052 bis 5155805 (R)<\/div>\n<\/td>\n<td>\n<div align=\"center\">1973<\/div>\n<\/td>\n<\/tr>\n<tr>\n<td>\n<div align=\"center\">von 5155806 bis 5203179 (R)<\/div>\n<\/td>\n<td>\n<div align=\"center\">1974<\/div>\n<\/td>\n<\/tr>\n<tr>\n<td>\n<div align=\"center\">von 5203180 bis 5231518 (R)<\/div>\n<\/td>\n<td>\n<div align=\"center\">1975<\/div>\n<\/td>\n<\/tr>\n<\/tbody>\n<\/table>\n<hr>\n<table width=\"85%\" border=\"0\">\n<tbody>\n<tr>\n<td colspan=\"2\"><strong>Fiat 500 (produziert von Autobianchi)<\/strong><\/td>\n<\/tr>\n<tr>\n<td width=\"57%\"><\/td>\n<td width=\"43%\"><\/td>\n<\/tr>\n<tr>\n<td>\n<div align=\"center\"><strong>Fahrgestellnummer 110F<\/strong><\/div>\n<\/td>\n<td>\n<div align=\"center\"><strong>Baujahr<\/strong><\/div>\n<\/td>\n<\/tr>\n<tr>\n<td>\n<div align=\"center\">von 6030953 bis 6081301 (F\/L)<\/div>\n<\/td>\n<td>\n<div align=\"center\">1971<\/div>\n<\/td>\n<\/tr>\n<tr>\n<td>\n<div align=\"center\">von 6086576 bis 6120574 (F\/L)<\/div>\n<\/td>\n<td>\n<div align=\"center\">1972<\/div>\n<\/td>\n<\/tr>\n<tr>\n<td>\n<div align=\"center\">von 6120654 bis 6136250 (R)<\/div>\n<\/td>\n<td>\n<div align=\"center\">1972<\/div>\n<\/td>\n<\/tr>\n<tr>\n<td>\n<div align=\"center\">von 6136251 bis 6154362 (R)<\/div>\n<\/td>\n<td>\n<div align=\"center\">1973<\/div>\n<\/td>\n<\/tr>\n<\/tbody>\n<\/table>\n<hr>\n","protected":false},"excerpt":{"rendered":"<p>FIN: Fahrzeugidentifikationsnummer &#8211; Aus welchem Jahr stammt mein Fahrzeug?<\/p>\n","protected":false},"author":2,"featured_media":3752,"parent":131,"menu_order":3,"comment_status":"closed","ping_status":"closed","template":"page-templates\/template-team.php","meta":{"footnotes":""},"_links":{"self":[{"href":"https:\/\/www.500er-fiat.de\/index.php?rest_route=\/wp\/v2\/pages\/134"}],"collection":[{"href":"https:\/\/www.500er-fiat.de\/index.php?rest_route=\/wp\/v2\/pages"}],"about":[{"href":"https:\/\/www.500er-fiat.de\/index.php?rest_route=\/wp\/v2\/types\/page"}],"author":[{"embeddable":true,"href":"https:\/\/www.500er-fiat.de\/index.php?rest_route=\/wp\/v2\/users\/2"}],"replies":[{"embeddable":true,"href":"https:\/\/www.500er-fiat.de\/index.php?rest_route=%2Fwp%2Fv2%2Fcomments&post=134"}],"version-history":[{"count":2,"href":"https:\/\/www.500er-fiat.de\/index.php?rest_route=\/wp\/v2\/pages\/134\/revisions"}],"predecessor-version":[{"id":3753,"href":"https:\/\/www.500er-fiat.de\/index.php?rest_route=\/wp\/v2\/pages\/134\/revisions\/3753"}],"up":[{"embeddable":true,"href":"https:\/\/www.500er-fiat.de\/index.php?rest_route=\/wp\/v2\/pages\/131"}],"wp:featuredmedia":[{"embeddable":true,"href":"https:\/\/www.500er-fiat.de\/index.php?rest_route=\/wp\/v2\/media\/3752"}],"wp:attachment":[{"href":"https:\/\/www.500er-fiat.de\/index.php?rest_route=%2Fwp%2Fv2%2Fmedia&parent=134"}],"curies":[{"name":"wp","href":"https:\/\/api.w.org\/{rel}","templated":true}]}}